{"id":186,"date":"2024-04-29T04:51:18","date_gmt":"2024-04-29T07:51:18","guid":{"rendered":"https:\/\/lobatoadvespecializada.com.br\/?page_id=186"},"modified":"2025-05-19T09:05:50","modified_gmt":"2025-05-19T12:05:50","slug":"sobre","status":"publish","type":"page","link":"https:\/\/lobatoadvespecializada.com.br\/index.php\/sobre\/","title":{"rendered":"Sobre"},"content":{"rendered":"\t\t<div data-elementor-type=\"wp-post\" data-elementor-id=\"186\" class=\"elementor elementor-186\" data-elementor-post-type=\"page\">\n\t\t\t\t<div class=\"elementor-element elementor-element-48e34ad e-flex e-con-boxed e-con e-parent\" data-id=\"48e34ad\" data-element_type=\"container\" data-settings=\"{&quot;background_background&quot;:&quot;classic&quot;}\">\n\t\t\t\t\t<div class=\"e-con-inner\">\n\t\t<div class=\"elementor-element elementor-element-3e0b5834 e-con-full e-flex e-con e-child\" data-id=\"3e0b5834\" data-element_type=\"container\">\n\t\t\t\t<div class=\"elementor-element elementor-element-20e4cae9 elementor-headline--style-rotate elementor-widget elementor-widget-animated-headline\" data-id=\"20e4cae9\" data-element_type=\"widget\" data-settings=\"{&quot;headline_style&quot;:&quot;rotate&quot;,&quot;animation_type&quot;:&quot;slide&quot;,&quot;loop&quot;:&quot;yes&quot;,&quot;rotate_iteration_delay&quot;:2500}\" data-widget_type=\"animated-headline.default\">\n\t\t\t\t<div class=\"elementor-widget-container\">\n\t\t\t\t\t<h3 class=\"elementor-headline elementor-headline-animation-type-slide\">\n\t\t\t\t\t<span class=\"elementor-headline-plain-text elementor-headline-text-wrapper\">Sobre n\u00f3s<\/span>\n\t\t\t\t<span class=\"elementor-headline-dynamic-wrapper elementor-headline-text-wrapper\">\n\t\t\t\t<\/span>\n\t\t\t\t<\/h3>\n\t\t\t\t<\/div>\n\t\t\t\t<\/div>\n\t\t\t\t<div class=\"elementor-element elementor-element-74688328 elementor-align-left elementor-mobile-align-center elementor-widget elementor-widget-button\" data-id=\"74688328\" data-element_type=\"widget\" data-widget_type=\"button.default\">\n\t\t\t\t<div class=\"elementor-widget-container\">\n\t\t\t\t\t\t\t<div class=\"elementor-button-wrapper\">\n\t\t\t\t\t<a class=\"elementor-button elementor-button-link elementor-size-lg\" href=\"https:\/\/lobatoadvespecializada.com.br\/index.php\/contato\/\">\n\t\t\t\t\t\t<span class=\"elementor-button-content-wrapper\">\n\t\t\t\t\t\t\t\t\t<span class=\"elementor-button-text\">ENTRE EM CONTATO CONOSCO<\/span>\n\t\t\t\t\t<\/span>\n\t\t\t\t\t<\/a>\n\t\t\t\t<\/div>\n\t\t\t\t\t\t<\/div>\n\t\t\t\t<\/div>\n\t\t\t\t<\/div>\n\t\t\t\t\t<\/div>\n\t\t\t\t<\/div>\n\t\t<div class=\"elementor-element elementor-element-7ce5a1a e-flex e-con-boxed e-con e-parent\" data-id=\"7ce5a1a\" data-element_type=\"container\" data-settings=\"{&quot;background_background&quot;:&quot;classic&quot;}\">\n\t\t\t\t\t<div class=\"e-con-inner\">\n\t\t<div class=\"elementor-element elementor-element-ade8cf0 e-con-full e-flex e-con e-child\" data-id=\"ade8cf0\" data-element_type=\"container\">\n\t\t\t\t<div class=\"elementor-element elementor-element-5b931d1 animated-slow elementor-invisible elementor-widget elementor-widget-heading\" data-id=\"5b931d1\" data-element_type=\"widget\" data-settings=\"{&quot;_animation&quot;:&quot;fadeInUp&quot;}\" data-widget_type=\"heading.default\">\n\t\t\t\t<div class=\"elementor-widget-container\">\n\t\t\t<h2 class=\"elementor-heading-title elementor-size-default\">O escrit\u00f3rio<\/h2>\t\t<\/div>\n\t\t\t\t<\/div>\n\t\t\t\t<div class=\"elementor-element elementor-element-e3d2c4d elementor-widget elementor-widget-text-editor\" data-id=\"e3d2c4d\" data-element_type=\"widget\" data-widget_type=\"text-editor.default\">\n\t\t\t\t<div class=\"elementor-widget-container\">\n\t\t\t\t\t\t\t<p class=\"\" data-start=\"228\" data-end=\"557\">O escrit\u00f3rio \u00e9 formado por profissionais com s\u00f3lida forma\u00e7\u00e3o acad\u00eamica e ampla experi\u00eancia na advocacia, como a Dra. Jacqueline Lobato, com mais de 20 anos de atua\u00e7\u00e3o e mestrado internacional, e a Dra. Ana Gl\u00e1ucia Lobato, cuja pr\u00e1tica \u00e9 marcada por constante atualiza\u00e7\u00e3o e olhar atento \u00e0s necessidades de cada cliente. Com \u00e9tica, responsabilidade e excel\u00eancia t\u00e9cnica, nossa equipe oferece solu\u00e7\u00f5es jur\u00eddicas personalizadas e eficazes, sempre pautadas no compromisso com a justi\u00e7a e na busca pelos melhores resultados.<\/p>\t\t\t\t\t\t<\/div>\n\t\t\t\t<\/div>\n\t\t<div class=\"elementor-element elementor-element-31f7924 e-flex e-con-boxed e-con e-child\" data-id=\"31f7924\" data-element_type=\"container\">\n\t\t\t\t\t<div class=\"e-con-inner\">\n\t\t<div class=\"elementor-element elementor-element-5e5238d e-flex e-con-boxed e-con e-child\" data-id=\"5e5238d\" data-element_type=\"container\">\n\t\t\t\t\t<div class=\"e-con-inner\">\n\t\t\t\t<div class=\"elementor-element elementor-element-ae7d554 elementor-position-top elementor-widget elementor-widget-image-box\" data-id=\"ae7d554\" data-element_type=\"widget\" data-widget_type=\"image-box.default\">\n\t\t\t\t<div class=\"elementor-widget-container\">\n\t\t\t<div class=\"elementor-image-box-wrapper\"><figure class=\"elementor-image-box-img\"><img fetchpriority=\"high\" decoding=\"async\" width=\"684\" height=\"850\" src=\"https:\/\/lobatoadvespecializada.com.br\/wp-content\/uploads\/2025\/04\/WhatsApp-Image-2025-04-16-at-10.29.23.jpeg\" class=\"attachment-full size-full wp-image-866\" alt=\"\" style=\"width:100%;height:124.27%;max-width:684px\" srcset=\"https:\/\/lobatoadvespecializada.com.br\/wp-content\/uploads\/2025\/04\/WhatsApp-Image-2025-04-16-at-10.29.23.jpeg 684w, https:\/\/lobatoadvespecializada.com.br\/wp-content\/uploads\/2025\/04\/WhatsApp-Image-2025-04-16-at-10.29.23-241x300.jpeg 241w\" sizes=\"(max-width: 684px) 100vw, 684px\" \/><\/figure><div class=\"elementor-image-box-content\"><h3 class=\"elementor-image-box-title\">Jacqueline Lobato<\/h3><p class=\"elementor-image-box-description\">Dra. Jacqueline Lobato \u00e9 advogada com mais de 15 anos de experi\u00eancia, atuando com excel\u00eancia e dedica\u00e7\u00e3o nas \u00e1reas de Direito do Consumidor, Direito do Trabalho e Direitos Sociais. P\u00f3s-graduada nessas especialidades, tamb\u00e9m \u00e9 Mestre em Processo Constitucional pela Universidade de Lomas de Zamora, em Buenos Aires, Argentina.\n\nReconhecida por sua abordagem \u00e9tica, t\u00e9cnica e humanizada, a Dra. Jacqueline conduz seu trabalho com profundo compromisso com a justi\u00e7a e com os direitos fundamentais, oferecendo um atendimento jur\u00eddico qualificado, estrat\u00e9gico e focado em resultados.<\/p><\/div><\/div>\t\t<\/div>\n\t\t\t\t<\/div>\n\t\t\t\t\t<\/div>\n\t\t\t\t<\/div>\n\t\t<div class=\"elementor-element elementor-element-666ad58 e-flex e-con-boxed e-con e-child\" data-id=\"666ad58\" data-element_type=\"container\">\n\t\t\t\t\t<div class=\"e-con-inner\">\n\t\t\t\t<div class=\"elementor-element elementor-element-5054e61 elementor-position-top elementor-widget elementor-widget-image-box\" data-id=\"5054e61\" data-element_type=\"widget\" data-widget_type=\"image-box.default\">\n\t\t\t\t<div class=\"elementor-widget-container\">\n\t\t\t<div class=\"elementor-image-box-wrapper\"><figure class=\"elementor-image-box-img\"><img decoding=\"async\" width=\"687\" height=\"853\" src=\"https:\/\/lobatoadvespecializada.com.br\/wp-content\/uploads\/2025\/04\/WhatsApp-Image-2025-04-16-at-14.23.39.jpeg\" class=\"attachment-full size-full wp-image-948\" alt=\"\" style=\"width:100%;height:124.16%;max-width:687px\" srcset=\"https:\/\/lobatoadvespecializada.com.br\/wp-content\/uploads\/2025\/04\/WhatsApp-Image-2025-04-16-at-14.23.39.jpeg 687w, https:\/\/lobatoadvespecializada.com.br\/wp-content\/uploads\/2025\/04\/WhatsApp-Image-2025-04-16-at-14.23.39-242x300.jpeg 242w\" sizes=\"(max-width: 687px) 100vw, 687px\" \/><\/figure><div class=\"elementor-image-box-content\"><h3 class=\"elementor-image-box-title\">Ana Gl\u00e1ucia Lobato<\/h3><p class=\"elementor-image-box-description\">Dra. Ana Gl\u00e1ucia Lobato \u00e9 advogada com 5 anos de atua\u00e7\u00e3o, exercendo sua profiss\u00e3o com compet\u00eancia, sensibilidade e aten\u00e7\u00e3o aos detalhes que fazem a diferen\u00e7a na vida de seus clientes. \u00c9 p\u00f3s-graduada em Direito Civil e Direito Processual Civil, e atualmente cursa p\u00f3s-gradua\u00e7\u00e3o em Direito P\u00fablico, com \u00eanfase em Direito Penal, Direito Militar e Direito do Trabalho.\n\nComprometida com a busca constante por conhecimento e com a aplica\u00e7\u00e3o \u00e9tica e estrat\u00e9gica do Direito, a Dra. Ana Gl\u00e1ucia se destaca pelo atendimento t\u00e9cnico, acolhedor e eficiente, sempre voltado \u00e0 solu\u00e7\u00e3o justa e respons\u00e1vel das demandas jur\u00eddicas que lhe s\u00e3o confiadas.<\/p><\/div><\/div>\t\t<\/div>\n\t\t\t\t<\/div>\n\t\t\t\t\t<\/div>\n\t\t\t\t<\/div>\n\t\t\t\t\t<\/div>\n\t\t\t\t<\/div>\n\t\t\t\t<\/div>\n\t\t\t\t\t<\/div>\n\t\t\t\t<\/div>\n\t\t\t\t<\/div>\n\t\t","protected":false},"excerpt":{"rendered":"<p>Sobre n\u00f3s ENTRE EM CONTATO CONOSCO O escrit\u00f3rio O escrit\u00f3rio \u00e9 formado por profissionais com s\u00f3lida forma\u00e7\u00e3o acad\u00eamica e ampla experi\u00eancia na advocacia, como a Dra. Jacqueline Lobato, com mais de 20 anos de atua\u00e7\u00e3o e mestrado internacional, e a Dra. Ana Gl\u00e1ucia Lobato, cuja pr\u00e1tica \u00e9 marcada por constante atualiza\u00e7\u00e3o e olhar atento \u00e0s&hellip; <a class=\"more-link\" href=\"https:\/\/lobatoadvespecializada.com.br\/index.php\/sobre\/\">Continuar lendo <span class=\"screen-reader-text\">Sobre<\/span><\/a><\/p>\n","protected":false},"author":1,"featured_media":0,"parent":0,"menu_order":0,"comment_status":"closed","ping_status":"closed","template":"elementor_header_footer","meta":{"footnotes":""},"class_list":["post-186","page","type-page","status-publish","hentry","entry"],"_links":{"self":[{"href":"https:\/\/lobatoadvespecializada.com.br\/index.php\/wp-json\/wp\/v2\/pages\/186","targetHints":{"allow":["GET"]}}],"collection":[{"href":"https:\/\/lobatoadvespecializada.com.br\/index.php\/wp-json\/wp\/v2\/pages"}],"about":[{"href":"https:\/\/lobatoadvespecializada.com.br\/index.php\/wp-json\/wp\/v2\/types\/page"}],"author":[{"embeddable":true,"href":"https:\/\/lobatoadvespecializada.com.br\/index.php\/wp-json\/wp\/v2\/users\/1"}],"replies":[{"embeddable":true,"href":"https:\/\/lobatoadvespecializada.com.br\/index.php\/wp-json\/wp\/v2\/comments?post=186"}],"version-history":[{"count":91,"href":"https:\/\/lobatoadvespecializada.com.br\/index.php\/wp-json\/wp\/v2\/pages\/186\/revisions"}],"predecessor-version":[{"id":984,"href":"https:\/\/lobatoadvespecializada.com.br\/index.php\/wp-json\/wp\/v2\/pages\/186\/revisions\/984"}],"wp:attachment":[{"href":"https:\/\/lobatoadvespecializada.com.br\/index.php\/wp-json\/wp\/v2\/media?parent=186"}],"curies":[{"name":"wp","href":"https:\/\/api.w.org\/{rel}","templated":true}]}}